{"id":41,"date":"2025-03-29T11:14:07","date_gmt":"2025-03-29T11:14:07","guid":{"rendered":"https:\/\/hotelblauet.com\/?page_id=41"},"modified":"2025-07-15T18:43:20","modified_gmt":"2025-07-15T18:43:20","slug":"politica-de-privacidad","status":"publish","type":"page","link":"https:\/\/hotelblauet.com\/en\/politica-de-privacidad\/","title":{"rendered":"Pol\u00edtica de privacidad"},"content":{"rendered":"<div data-elementor-type=\"wp-page\" data-elementor-id=\"41\" class=\"elementor elementor-41\" data-elementor-post-type=\"page\">\n\t\t\t\t\t\t<section class=\"elementor-section elementor-top-section elementor-element elementor-element-33b879d5 elementor-reverse-tablet elementor-reverse-mobile elementor-section-boxed elementor-section-height-default elementor-section-height-default\" data-id=\"33b879d5\" data-element_type=\"section\" data-settings=\"{&quot;background_background&quot;:&quot;classic&quot;}\">\n\t\t\t\t\t\t\t<div class=\"elementor-background-overlay\"><\/div>\n\t\t\t\t\t\t\t<div class=\"elementor-container elementor-column-gap-default\">\n\t\t\t\t\t<div class=\"elementor-column elementor-col-100 elementor-top-column elementor-element elementor-element-78928122\" data-id=\"78928122\" data-element_type=\"column\">\n\t\t\t<div class=\"elementor-widget-wrap elementor-element-populated\">\n\t\t\t\t\t\t<div class=\"elementor-element elementor-element-3e343e4b elementor-widget-divider--view-line elementor-widget elementor-widget-divider\" data-id=\"3e343e4b\" data-element_type=\"widget\" data-widget_type=\"divider.default\">\n\t\t\t\t<div class=\"elementor-widget-container\">\n\t\t\t\t\t\t\t<div class=\"elementor-divider\">\n\t\t\t<span class=\"elementor-divider-separator\">\n\t\t\t\t\t\t<\/span>\n\t\t<\/div>\n\t\t\t\t\t\t<\/div>\n\t\t\t\t<\/div>\n\t\t\t\t<div class=\"elementor-element elementor-element-4d2661c9 elementor-widget elementor-widget-heading\" data-id=\"4d2661c9\" data-element_type=\"widget\" data-widget_type=\"heading.default\">\n\t\t\t\t<div class=\"elementor-widget-container\">\n\t\t\t\t\t<h1 class=\"elementor-heading-title elementor-size-default\">Privacy policy<\/h1>\t\t\t\t<\/div>\n\t\t\t\t<\/div>\n\t\t\t\t\t<\/div>\n\t\t<\/div>\n\t\t\t\t\t<\/div>\n\t\t<\/section>\n\t\t<div class=\"elementor-element elementor-element-2e24a89 e-flex e-con-boxed e-con e-parent\" data-id=\"2e24a89\" data-element_type=\"container\">\n\t\t\t\t\t<div class=\"e-con-inner\">\n\t\t\t\t<div class=\"elementor-element elementor-element-391d738 elementor-widget elementor-widget-text-editor\" data-id=\"391d738\" data-element_type=\"widget\" data-widget_type=\"text-editor.default\">\n\t\t\t\t<div class=\"elementor-widget-container\">\n\t\t\t\t\t\t\t\t\t<p><\/p>\n<p>INTRODUCCI\u00d3N<br>Su privacidad es importante para nosotros, as\u00ed que mediante este documento le explicamos qu\u00e9 datos recopilamos de los usuarios, como los utilizamos y para qu\u00e9, entre otras indicaciones. Los mayores de 14 a\u00f1os podr\u00e1n registrarse como usuarios sin el previo consentimiento de sus padres, tutores o representantes legales. En caso de menores de 14 a\u00f1os o identificados como \u00abincapaces legalmente\u00bb, siempre necesitaremos del consentimiento paterno, o del tutor\/a o representante legal.<br>Para su informaci\u00f3n, nunca solicitaremos m\u00e1s informaci\u00f3n de la que realmente necesitaremos para los servicios requeridos; nunca la compartiremos con terceros, excepto por obligaci\u00f3n legal o con su autorizaci\u00f3n previa; y nunca utilizaremos sus datos para otra finalidad no indicada previamente.<br>Como usuario, deber\u00e1 leer atentamente esta pol\u00edtica de privacidad de manera regular, y siempre que introduzca sus datos personales, ya que este documento puede sufrir modificaciones pues el prestador puede modificar cualquier tipo de informaci\u00f3n que pudiera aparecer en la web para cumplir con la normativa o actualizar la pol\u00edtica, y sin que exista la obligaci\u00f3n de pre-avisar o poner en conocimiento de los usuarios estas obligaciones, siendo suficientes la publicaci\u00f3n en el sitio web del prestador.<\/p>\n<p><\/p>\n<p><\/p>\n<p>RESPONSABLE DEL TRATAMIENTO<\/p>\n<p><\/p>\n<p><\/p>\n<p><span style=\"color: rgb(51, 51, 51); font-family: Inter, sans-serif; font-weight: bolder;\">Identidad: Hotel Blauet SL<\/span><span style=\"color: rgb(51, 51, 51); font-family: Inter, sans-serif;\">&nbsp;(tambi\u00e9n el prestador)&nbsp;<br><\/span><span style=\"color: rgb(51, 51, 51); font-family: Inter, sans-serif; font-weight: bolder;\">NIF:<\/span><span style=\"color: rgb(51, 51, 51); font-family: Inter, sans-serif;\">&nbsp;B64214810&nbsp;<br><\/span><span style=\"color: rgb(51, 51, 51); font-family: Inter, sans-serif; font-weight: bolder;\">Direcci\u00f3n postal:<\/span><span style=\"color: rgb(51, 51, 51); font-family: Inter, sans-serif;\">&nbsp;Onze de Setembre, 156&nbsp; 08820 El Prat de Llobregat (Barcelona)<\/span><span style=\"color: rgb(51, 51, 51); font-family: Inter, sans-serif; font-weight: bolder;\">&nbsp;<br>Correo electr\u00f3nico:<\/span><span style=\"color: rgb(51, 51, 51); font-family: Inter, sans-serif;\">&nbsp;reservas@hotelblauet.com<\/span><\/p>\n<p><\/p>\n<p><\/p>\n<p><span style=\"color: rgb(51, 51, 51); font-family: Inter, sans-serif; font-weight: bolder;\">Hotel Blauet SL<\/span><span style=\"color: rgb(51, 51, 51); font-family: Inter, sans-serif;\">&nbsp;<\/span>, a partir de ahora \u00abEl responsable\u00bb, como responsable del Sitio web, de conformidad con lo que dispone el Reglamento (UE) 2016\/679 de 27 de abril de 2016 (RGPD),Ley Org\u00e1nica 3\/2018 de 5 de diciembre (LOPDGDD) y dem\u00e1s normativa legal vigente en materia de protecci\u00f3n de datos personales, y por la Ley 34\/2002, de 11 de julio, de Servicios de la Sociedad de la Informaci\u00f3n y del Comercio Electr\u00f3nico (LSSICE),le informa de que tiene implementadas las medidas de seguridad necesarias, de \u00edndole t\u00e9cnica y organizativas, para garantizar y proteger la confidencialidad, integridad y disponibilidad de los datos introducidos.<br>M\u00c9TODO DE OBTENCI\u00d3N DE LOS DATOS y DATOS QUE RECAUDAMOS:&nbsp;Los datos que recogemos y c\u00f3mo las obtenemos es la siguiente:<br>1. Mediante el&nbsp;formulario de contacto: nombre, email, edad, tel\u00e9fono,<br>2. Mediante el&nbsp;formulario de registro: nombre, email, edad<br>3.&nbsp;Mediante el&nbsp;formulario de suscripci\u00f3n a la newsletter: nombre, email,<br>4.&nbsp;Mediante el&nbsp;formulario de alta al webinar: nombre, email,<br>5.&nbsp;Mediante la&nbsp;subscripci\u00f3n al f\u00f3rum y \/ o comentarios&nbsp;en el mismo: nombre, email,<br>6.&nbsp;Mediante la&nbsp;descarga de contenidos: nombre y email<br>7.&nbsp;Mediante el formulario de recogida de datos para al ecommerce: nombre, direcci\u00f3n, email, edad, tel\u00e9fono, datos bancarios o informaci\u00f3n sobre una tarjeta de cr\u00e9dito o de d\u00e9bito<br>No se tratan categor\u00edas de datos especialmente protegidos.<\/p>\n<p><\/p>\n<p><\/p>\n<p>FINALIDAD DEL TRATAMIENTO<br>Sus datos personales s\u00f3lo se utilizar\u00e1n para las siguientes finalidades, prestando su consentimiento para cada una de las finalidades en el apartado correspondiente de la web:<br>1.&nbsp;Formulario de contacto:&nbsp;para responder a les consultas y \/ o proporcionar informaciones requeridas para el Usuario;<br>2.&nbsp;Formulario de registro: para la creaci\u00f3n de una cuenta de usuario y pueda acceder a las funcionalidades de la web;<br>3.&nbsp;Formulario de suscripci\u00f3n a la newsletter: para remitir las comunicaciones comerciales publicitarias per email, SMS, comunidades sociales o cualquier otro medio electr\u00f3nico o f\u00edsico, en caso de que el Usuario lo haya consentido expresamente;<br>4.&nbsp;Formulario de alta en el webinar: para hacerlo part\u00edcipe de nuestro webinar;<br>5.&nbsp;Suscripci\u00f3n al foro y \/ o comentarios&nbsp;en el mismo: cuando el usuario se haya dado de alta en el foro, podr\u00e1 comentar dentro del mismo, tanto para plantear cuestiones como para responder preguntas;<br>6.&nbsp;Descarga de contenidos como miembro: para actualizar y enviar los contenidos como suscriptor de los mismos;<br>7.&nbsp;Si contrata el servicio \/ compra&nbsp;el producto a trav\u00e9s de nuestra p\u00e1gina web mcjimenez.com le pediremos que nos proporcione informaci\u00f3n sobre usted, incluidos su nombre, datos de contacto e informaci\u00f3n sobre una tarjeta de cr\u00e9dito o de d\u00e9bito.<br>8. Otras finalidades:<br>o Realizar las gestiones comerciales, administrativas, fiscales, contables que sean necesarias en virtud de la legislaci\u00f3n vigente;<br>o Conocer su opini\u00f3n y mejorar los servicios prestados por la web;<br>o Realizaci\u00f3n de an\u00e1lisis de perfiles y de usabilidad de la web, a trav\u00e9s de las cookies (mencionadas en la pol\u00edtica de cookies);<br>o Redes sociales: en el apartado correspondiente se especifica el uso de las redes sociales.<\/p>\n<p><\/p>\n<p><\/p>\n<p>Uso de Fotograf\u00edas: Las fotograf\u00edas que est\u00e9n colgadas en la web son propiedad de&nbsp;El responsable, incluyendo las de los menores, en las que, para la obtenci\u00f3n de estas, se ha obtenido el consentimiento previo de los padres, tutores o representantes legales mediante la firma de los formularios realizados para tal efecto por los centros en los que los menores forman parte. Sin embargo, los padres, tutores o representantes de los menores, como titulares del ejercicio de los derechos de estos, y siempre previo requerimiento formal por escrito, pueden indicar la negativa al uso de la imagen del menor; en este caso, la imagen se mostrar\u00e1 pixelada<br>Puede revocar en cualquier momento su consentimiento remitiendo un escrito con el asunto \u00abBaja\u00bb en el mail rese\u00f1ado.<br>De acuerdo con la LSSICE,&nbsp;El responsable&nbsp;no realiza pr\u00e1cticas de SPAM, por lo tanto, no env\u00eda correos comerciales por e-mail que no hayan sido previamente solicitados o autorizados por el Usuario. En consecuencia, en todas las comunicaciones que recibir\u00e1 del prestador, el usuario tiene la posibilidad de revocar su consentimiento expreso para recibir nuestras comunicaciones.<br>No trataremos sus datos personales para ninguna otra finalidad de las descritas excepto por obligaci\u00f3n legal o requerimiento judicial.<br>No ser\u00e1 objeto de decisiones basadas en tratamientos automatizados que produzcan efectos sobre sus datos.<\/p>\n<p><\/p>\n<p><\/p>\n<p>LEGITIMACI\u00d3N DEL TRATAMIENTO<br>La base legal para el tratamiento de los datos es su consentimiento otorgado en el momento de dar sus datos en el formulario correspondiente para llevar a cabo las finalidades, en el momento de marcaci\u00f3n de la casilla de verificaci\u00f3n.<br>La oferta prospectiva o comercial de productos y servicios est\u00e1 basada en el consentimiento que se le solicita, sin que en ning\u00fan caso la retirada de este consentimiento condicione la ejecuci\u00f3n del contrato de suscripci\u00f3n.<br>El no facilitar los datos personales solicitados o el no aceptar la presente pol\u00edtica de privacidad supone la imposibilidad de conseguir las finalidades anteriormente descritas.<br>En los casos en que haya una previa relaci\u00f3n contractual entre las partes, la legitimaci\u00f3n para el desarrollo de las obligaciones administrativas, fiscales y contables que sean necesarias en virtud de la legislaci\u00f3n vigente ser\u00e1 la&nbsp;existencia previa de la relaci\u00f3n comercial&nbsp;establecida entre las partes.<\/p>\n<p><\/p>\n<p><\/p>\n<p>PLAZO DE CONSERVACI\u00d3N DE LOS DATOS:<br>Sus datos se conservar\u00e1n mientras dure la relaci\u00f3n comercial con nosotros o ejerce su derecho de cancelaci\u00f3n, oposici\u00f3n o revocaci\u00f3n del consentimiento. Aun habiendo ejercido sus derechos de forma correcta, deberemos conservar debidamente bloqueados sus datos mientras duren los plazos legalmente previstos en las disposiciones aplicables.<\/p>\n<p><\/p>\n<p><\/p>\n<p>DESTINATARIOS DE CESIONES O TRANSFERENCIAS:<br>El responsable no lleva a cabo ninguna cesi\u00f3n o comunicaci\u00f3n de datos ni dentro ni fuera de la UE. El prestador \u00fanicamente facilitar\u00e1 informaci\u00f3n a las fuerzas y cuerpos de seguridad bajo orden judicial o por obligaci\u00f3n de una norma legal, sin perjuicio de poder bloquear o cancelar su cuenta si puede haber indicios de la comisi\u00f3n de alg\u00fan delito por parte del usuario. La informaci\u00f3n facilitada ser\u00e1 s\u00f3lo la que disponga en ese momento el prestador.<br>La informaci\u00f3n que nos proporcione tanto a trav\u00e9s de este sitio web ser\u00e1 alojada en los servidores de El responsable, contratados a la empresa que presta el servicio de alojamiento de la web. El tratamiento de los datos de la entidad se encuentra regulado mediante un contrato de encargado del tratamiento entre el prestador y esta empresa.<\/p>\n<p><\/p>\n<p><\/p>\n<p>DERECHOS DE LAS PERSONAS INTERESADAS:<br>Como usuario-interesado, puede solicitar el ejercicio de los siguientes derechos ante El responsable presentando un escrito a la direcci\u00f3n postal del encabezamiento o enviando un correo electr\u00f3nico a la direcci\u00f3n que aparece en la cabecera de esta p\u00e1gina, indicando como Asunto: \u00abPROTECCI\u00d3N DE DATOS: DERECHOS DE LOS TERESADOS \u00ab, y adjuntando fotocopia de su DNI o cualquier medio an\u00e1logo en derecho, tal como indica la ley.<\/p>\n<p><\/p>\n<p><\/p>\n<p>Derechos:<br>\u2022&nbsp;Derecho de acceso: permite al interesado conocer y obtener informaci\u00f3n sobre sus datos de car\u00e1cter personal sometidos a tratamiento.<br>\u2022&nbsp;Derecho de rectificaci\u00f3n o supresi\u00f3n: permite corregir errores y modificar los datos que resulten ser inexactos o incompletos<br>\u2022&nbsp;Derecho de cancelaci\u00f3n: permite que se supriman los datos que sean inadecuados o excesivos<br>\u2022&nbsp;Derecho de oposici\u00f3n: derecho del interesado a que no se lleve a cabo el tratamiento de sus datos de car\u00e1cter personal o se cese en el mismo.<br>\u2022&nbsp;Limitaci\u00f3n del tratamiento: conlleva el marcado de los datos personales conservados, con el fin de limitar su futuro tratamiento, para el ejercicio o la defensa de reclamaciones.<br>\u2022&nbsp;Portabilidad de los datos: facilitaci\u00f3n de los datos objeto de tratamiento al interesado, para que \u00e9ste pueda transmitir a otro responsable, sin impedimentos.<br>\u2022&nbsp;Derecho a no ser objeto de decisiones individuales automatizadas (incluida la elaboraci\u00f3n de perfiles):&nbsp;derecho a no ser objeto de una decisi\u00f3n basada en el tratamiento automatizado que produzca efectos o afecte significativamente<br>Como usuario, tiene derecho a retirar el consentimiento dado en cualquier momento. La retirada del consentimiento no afectar\u00e1 a la licitud del tratamiento efectuado antes de la retirada del consentimiento.<br>Tambi\u00e9n tiene derecho a presentar una reclamaci\u00f3n ante la autoridad de control si considera que pueden haberse visto vulnerados sus derechos en relaci\u00f3n a la protecci\u00f3n de sus datos (www.aepd.es).<\/p>\n<p><\/p>\n<p><\/p>\n<p>MEDIDAS DE SEGURIDAD:<br>Los datos que nos facilite se tratar\u00e1n de forma confidencial. El prestador ha adoptado todas las medidas t\u00e9cnicas y organizativas y todos los niveles de protecci\u00f3n necesarios para garantizar la seguridad en el tratamiento de los datos y evitar su alteraci\u00f3n, p\u00e9rdida, robo, tratamiento o acceso no autorizado, de acuerdo al estado de la tecnolog\u00eda y naturaleza de los datos almacenados. Asimismo, se garantiza tambi\u00e9n que el tratamiento y registro en ficheros, programas, sistemas o equipos, locales y centros cumplen con los requisitos y condiciones de integridad y seguridad establecidas en la normativa vigente.<\/p>\n<p><\/p>\n<p><\/p>\n<p>IDIOMA<br>El idioma aplicable a esta pol\u00edtica de privacidad es el castellano. Por tanto, en caso de que hubiera alguna contradicci\u00f3n en alguna de las versiones facilitadas en otros idiomas, prevalecer\u00e1 la versi\u00f3n en castellano.<\/p>\n<p><\/p>\n<p><\/p>\n<p>AN\u00c1LISIS DE PERFILES<br>La informaci\u00f3n facilitada en los diferentes formularios, durante la interacci\u00f3n con la web y cualquier otro dato facilitado durante la navegaci\u00f3n, incluyendo la informaci\u00f3n suministrada por las galletas en relaci\u00f3n a los h\u00e1bitos de navegaci\u00f3n, conlleva la aceptaci\u00f3n al tratamiento de estos datos, a fin ser segmentados o categorizados con el fin de aplicarlos a la actividad relacionada con la gesti\u00f3n de administraci\u00f3n general, informaci\u00f3n, comercializaci\u00f3n de espacios publicitarios, elaborar perfiles, an\u00e1lisis de propuestas solicitadas por los usuarios \/ clientes, estudio estad\u00edstico los servicios y contenidos utilizados, gustos y preferencias, encuestas o formularios. Los datos utilizados en la elaboraci\u00f3n de estos perfiles no son datos que permitan identificar a los usuarios sino que s\u00f3lo muestran en una gr\u00e1fica el tipo de p\u00fablico que interact\u00faa con la web, edad, pa\u00eds, g\u00e9nero, etc.<br>El usuario que acceda a esta web, consiente expl\u00edcitamente la utilizaci\u00f3n de esta informaci\u00f3n gen\u00e9rica para tareas de elaboraci\u00f3n de perfiles, segmentaci\u00f3n y categorizaci\u00f3n de datos para las finalidades descritas en el apartado anterior.<\/p>\n<p><\/p>\n<p><\/p>\n<p>REDES SOCIALES<br>Le informamos que El responsable puede tener presencia en redes sociales. El tratamiento de los datos que se lleve a cabo de las personas que se hagan seguidoras en las redes sociales (y \/ o realicen cualquier v\u00ednculo o acci\u00f3n de conexi\u00f3n a trav\u00e9s de las redes sociales) de las p\u00e1ginas oficiales de El responsable se regir\u00e1 por este apartado, as\u00ed como para aquellas condiciones de uso, pol\u00edticas de privacidad y normativas de acceso que pertenezcan a la red social que proceda en cada caso y aceptadas previamente por el usuario.<br>El responsable tratar\u00e1 sus datos con las finalidades de administrar correctamente su presencia en la red social, informando de actividades, productos o servicios del prestador, as\u00ed como para cualquier otra finalidad que las normativas de las Redes Sociales permitan.<br>Queda prohibida la publicaci\u00f3n de contenidos:<br>\u2013 Que sean presuntamente il\u00edcitos por la normativa nacional, comunitaria o internacional o que realicen actividades presuntamente il\u00edcitas o contravengan los principios de la buena fe.<br>\u2013 Que atenten contra los derechos fundamentales de las personas, falten a la cortes\u00eda en la red, molesten o puedan generar opiniones negativas en nuestros usuarios o terceros y en general cualesquiera sean los contenidos que El responsable considere inapropiados.<br>\u2013 Y en general que contravengan los principios de legalidad, honradez, responsabilidad, protecci\u00f3n de la dignidad humana, protecci\u00f3n de menores, protecci\u00f3n del orden p\u00fablico, la protecci\u00f3n de la vida privada, la protecci\u00f3n del consumidor y los derechos de propiedad intelectual e industrial.<br>Asimismo, El responsable se reserva la potestad de retirar, sin previo aviso del sitio web o de la red social corporativa aquellos contenidos que se consideran inadecuados.<br>En todo caso, si Ud. remite informaci\u00f3n personal a trav\u00e9s de la red social, El responsable quedar\u00e1 exento de responsabilidad en relaci\u00f3n con las medidas de seguridad aplicables a la presente plataforma y el usuario, en caso de querer conocerlas, debe consultar las correspondientes condiciones particulares de la red en cuesti\u00f3n.<\/p>\n<p><\/p>\n<p><\/p>\n<p>ENV\u00cdO CV<br>En caso de que el usuario env\u00ede su CV a trav\u00e9s de nuestra web, se le informa que los datos aportados ser\u00e1n tratados por hacerlo part\u00edcipe de los procesos de selecci\u00f3n que pueda haber, llevando a cabo un an\u00e1lisis del perfil del solicitante con el objetivo de seleccionar el mejor candidato para el puesto vacante del Responsable. Informamos que este es el \u00fanico procedimiento oficial para aceptar su curr\u00edculum, por lo que no se aceptar\u00e1n los curr\u00edculos remitidos por otro procedimiento diferente. En caso de producirse alguna modificaci\u00f3n en los datos, le rogamos nos lo comunique por escrito lo antes posible, a fin de mantener sus datos debidamente actualizados.<br>Los datos se conservar\u00e1n durante un plazo m\u00e1ximo de un a\u00f1o transcurrido el cual se proceder\u00e1 a la supresi\u00f3n de los datos garantizando un total respeto a la confidencialidad tanto en el tratamiento como en su posterior destrucci\u00f3n. En este sentido, transcurrido dicho plazo, y si desea continuar participando en los procesos de selecci\u00f3n del Responsable, le rogamos nos remita nuevamente su curr\u00edculum.<br>Los datos se podr\u00e1n tratar y \/ o comunicar a las empresas integrantes de nuestro grupo durante el tiempo de conservaci\u00f3n de su curr\u00edculum y para los mismos fines antes informados.<\/p>\n<p><\/p>\n<p><\/p>\n<p>SUSCRIPCI\u00d3N AL BLOG<br>En caso de que el usuario se suscriba al bloque, le informamos que los datos aportados ser\u00e1n tratados para gestionar su suscripci\u00f3n al bloque informativo con aviso de actualizaci\u00f3n y que se conservar\u00e1n mientras haya un inter\u00e9s mutuo para mantener el fin del tratamiento. Cuando ya no sea necesario para este fin, se suprimir\u00e1n con medidas de seguridad adecuadas para garantizar la seudonimizaci\u00f3n de los datos o destrucci\u00f3n total de los mismos. No se comunicar\u00e1n los datos a terceros, salvo obligaci\u00f3n legal.<\/p>\n<p><\/p>\n<p><\/p>\n<p>PARTICIPACI\u00d3N EN FOROS<br>En caso de que el usuario quiera participar en los foros de la web, le informamos que los datos aportados ser\u00e1n tratados para regular la participaci\u00f3n en el foro. Cualquier registro o transmisi\u00f3n de datos personales que el usuario de este foro facilite supone el conocimiento y aceptaci\u00f3n inequ\u00edvoca del Aviso legal y la Pol\u00edtica de Privacidad expuestos en la p\u00e1gina web. Los datos se conservar\u00e1n mientras haya un inter\u00e9s mutuo para mantener el fin del tratamiento y cuando ya no sea necesario para tal fin, se suprimir\u00e1n con medidas de seguridad adecuadas para garantizar la pseudonimitzaci\u00f3n de los datos (en su caso) o destrucci\u00f3n total de los mismos. Las publicaciones se mostrar\u00e1n p\u00fablicamente a los usuarios del foro en l\u00ednea.<br>El responsable no se hace responsable de cualquier contenido publicado en el foro introducido por cualquier usuario registrado. El contenido publicado s\u00f3lo expresa el punto de vista de su autor. El autor del comentario acepta no utilizar este blog para publicar o enlazar a contenidos difamatorios, abusivos, de odio, amenazantes, ofensivos, abusivos, spam o an\u00e1logo, de contenido para adultos o que infrinjan los derechos de autor o la ley y el orden p\u00fablico en general. Si los comentarios subidos, a juicio de los moderadores, entienden que pueden perjudicar y \/ o vulnerar derechos de terceros o la ley, podr\u00e1n ser eliminados sin explicaci\u00f3n.<\/p>\n<p><\/p>\n<p><\/p>\n<p>PUBLICACI\u00d3N DE SU TESTIMONIO<br>En caso de que el usuario quiera publicar su opini\u00f3n en la web, le informamos que los datos aportados ser\u00e1n tratados para atender las sugerencias propuestas, experiencias u opiniones respecto de los productos y \/ o servicios para ser publicadas en la p\u00e1gina web y as\u00ed poder ayudar a otros usuarios. Los datos se conservar\u00e1n mientras haya un inter\u00e9s mutuo para mantener el fin del tratamiento y cuando ya no sea necesario para tal fin, se suprimir\u00e1n con medidas de seguridad adecuadas para garantizar la pseudonimitzaci\u00f3n de los datos o destrucci\u00f3n total de los mismos. Los testigos se publicar\u00e1n en nuestra p\u00e1gina web. El \u00fanico dato personal que se publicar\u00e1 del testigo ser\u00e1 su nombre.<\/p>\n<p><\/p>\n<p><\/p>\n<p>CAMBIOS EN LA PRESENTE POL\u00cdTICA DE PRIVACIDAD<br>El responsable se reserva el derecho a modificar la presente pol\u00edtica para adaptarla a novedades legislativas o jurisprudenciales.<\/p>\n<p><\/p>\n<p><\/p>\n<p>REVOCABILIDAD<br>El consentimiento prestado, tanto por el tratamiento como para la cesi\u00f3n de los datos de los interesados, es revocable en cualquier momento comunic\u00e1ndolo a El responsable en los t\u00e9rminos establecidos en esta Pol\u00edtica para el ejercicio de los derechos. Esta revocaci\u00f3n en ning\u00fan caso tendr\u00e1 car\u00e1cter retroactivo.<\/p>\n<p><\/p>\n<p><\/p>\n<p>LEGISLACI\u00d3N<br>Con car\u00e1cter general las relaciones entre El responsable con los Usuarios de sus servicios telem\u00e1ticos, presentes en esta web, est\u00e1n sometidos a la legislaci\u00f3n y jurisdicci\u00f3n espa\u00f1ola a la que se someten expresamente las partes, siendo competentes para la resoluci\u00f3n de todos los conflictos derivados o relacionados con su uso los Juzgados y Tribunales de Barcelona.<br>Con car\u00e1cter general las relaciones entre El responsable con los Usuarios de sus servicios telem\u00e1ticos, presentes en esta web, est\u00e1n sometidos a la legislaci\u00f3n y jurisdicci\u00f3n espa\u00f1ola a la que se someten expresamente las partes, siendo competentes para la resoluci\u00f3n de todos los conflictos derivados o relacionados con su uso los Juzgados y Tribunales de Barcelona.<\/p>\t\t\t\t\t\t\t\t<\/div>\n\t\t\t\t<\/div>\n\t\t\t\t\t<\/div>\n\t\t\t\t<\/div>\n\t\t\t\t<\/div>","protected":false},"excerpt":{"rendered":"<p>Pol\u00edtica de Privacidad INTRODUCCI\u00d3NSu privacidad es importante para nosotros, as\u00ed que mediante este documento le explicamos qu\u00e9 datos recopilamos de los usuarios, como los utilizamos y para qu\u00e9, entre otras indicaciones. Los mayores de 14 a\u00f1os podr\u00e1n registrarse como usuarios sin el previo consentimiento de sus padres, tutores o representantes legales. En caso de menores [&hellip;]<\/p>","protected":false},"author":3,"featured_media":0,"parent":0,"menu_order":0,"comment_status":"closed","ping_status":"closed","template":"elementor_header_footer","meta":{"footnotes":""},"class_list":["post-41","page","type-page","status-publish","hentry"],"_links":{"self":[{"href":"https:\/\/hotelblauet.com\/en\/wp-json\/wp\/v2\/pages\/41","targetHints":{"allow":["GET"]}}],"collection":[{"href":"https:\/\/hotelblauet.com\/en\/wp-json\/wp\/v2\/pages"}],"about":[{"href":"https:\/\/hotelblauet.com\/en\/wp-json\/wp\/v2\/types\/page"}],"author":[{"embeddable":true,"href":"https:\/\/hotelblauet.com\/en\/wp-json\/wp\/v2\/users\/3"}],"replies":[{"embeddable":true,"href":"https:\/\/hotelblauet.com\/en\/wp-json\/wp\/v2\/comments?post=41"}],"version-history":[{"count":25,"href":"https:\/\/hotelblauet.com\/en\/wp-json\/wp\/v2\/pages\/41\/revisions"}],"predecessor-version":[{"id":1050,"href":"https:\/\/hotelblauet.com\/en\/wp-json\/wp\/v2\/pages\/41\/revisions\/1050"}],"wp:attachment":[{"href":"https:\/\/hotelblauet.com\/en\/wp-json\/wp\/v2\/media?parent=41"}],"curies":[{"name":"wp","href":"https:\/\/api.w.org\/{rel}","templated":true}]}}